{"id":610,"date":"2016-03-07T03:10:46","date_gmt":"2016-03-07T03:10:46","guid":{"rendered":"https:\/\/themegavias.com\/wp\/potisen\/?page_id=610"},"modified":"2024-03-05T01:10:51","modified_gmt":"2024-03-05T01:10:51","slug":"contact-page","status":"publish","type":"page","link":"https:\/\/ibrahimgul.com\/?page_id=610","title":{"rendered":"\u0130leti\u015fim"},"content":{"rendered":"\t\t<div data-elementor-type=\"wp-post\" data-elementor-id=\"610\" class=\"elementor elementor-610\">\n\t\t\t\t\t\t<section class=\"elementor-section elementor-top-section elementor-element elementor-element-a6f08c9 elementor-section-full_width elementor-section-height-default elementor-section-height-default\" data-id=\"a6f08c9\" data-element_type=\"section\">\n\t\t\t\t\t\t<div class=\"elementor-container elementor-column-gap-default\">\n\t\t\t\t\t<div class=\"elementor-column elementor-col-100 elementor-top-column elementor-element elementor-element-cc09dd8\" data-id=\"cc09dd8\" data-element_type=\"column\">\n\t\t\t<div class=\"elementor-widget-wrap elementor-element-populated\">\n\t\t\t\t\t\t<div class=\"elementor-element elementor-element-e14f9a1 elementor-widget__width-initial elementor-widget elementor-widget-google_maps\" data-id=\"e14f9a1\" data-element_type=\"widget\" data-settings=\"{&quot;vlt_wow_animation_name&quot;:&quot;none&quot;}\" data-widget_type=\"google_maps.default\">\n\t\t\t\t<div class=\"elementor-widget-container\">\n\t\t\t\t\t<div class=\"elementor-custom-embed\">\n\t\t\t<iframe loading=\"lazy\"\n\t\t\t\t\tsrc=\"https:\/\/maps.google.com\/maps?q=Bakras%2C%20Mara%C5%9Fal%20%C3%87akmak%20Cd.%2C%2031350%20Belen%2FHatay&#038;t=m&#038;z=16&#038;output=embed&#038;iwloc=near\"\n\t\t\t\t\ttitle=\"Bakras, Mara\u015fal \u00c7akmak Cd., 31350 Belen\/Hatay\"\n\t\t\t\t\taria-label=\"Bakras, Mara\u015fal \u00c7akmak Cd., 31350 Belen\/Hatay\"\n\t\t\t><\/iframe>\n\t\t<\/div>\n\t\t\t\t<\/div>\n\t\t\t\t<\/div>\n\t\t\t\t\t<\/div>\n\t\t<\/div>\n\t\t\t\t\t<\/div>\n\t\t<\/section>\n\t\t\t\t<section class=\"elementor-section elementor-top-section elementor-element elementor-element-7ed6793 elementor-section-boxed elementor-section-height-default elementor-section-height-default\" data-id=\"7ed6793\" data-element_type=\"section\">\n\t\t\t\t\t\t<div class=\"elementor-container elementor-column-gap-default\">\n\t\t\t\t\t<div class=\"elementor-column elementor-col-100 elementor-top-column elementor-element elementor-element-4107023\" data-id=\"4107023\" data-element_type=\"column\">\n\t\t\t<div class=\"elementor-widget-wrap elementor-element-populated\">\n\t\t\t\t\t\t<section class=\"elementor-section elementor-inner-section elementor-element elementor-element-40349cf elementor-section-boxed elementor-section-height-default elementor-section-height-default\" data-id=\"40349cf\" data-element_type=\"section\" data-settings=\"{&quot;background_background&quot;:&quot;classic&quot;}\">\n\t\t\t\t\t\t<div class=\"elementor-container elementor-column-gap-default\">\n\t\t\t\t\t<div class=\"elementor-column elementor-col-50 elementor-inner-column elementor-element elementor-element-c47053f\" data-id=\"c47053f\" data-element_type=\"column\">\n\t\t\t<div class=\"elementor-widget-wrap elementor-element-populated\">\n\t\t\t\t\t\t<div class=\"elementor-element elementor-element-a26ce5c elementor-align-center elementor-icon-list--layout-traditional elementor-list-item-link-full_width elementor-widget elementor-widget-icon-list\" data-id=\"a26ce5c\" data-element_type=\"widget\" data-settings=\"{&quot;vlt_wow_animation_name&quot;:&quot;none&quot;}\" data-widget_type=\"icon-list.default\">\n\t\t\t\t<div class=\"elementor-widget-container\">\n\t\t\t\t\t<ul class=\"elementor-icon-list-items\">\n\t\t\t\t\t\t\t<li class=\"elementor-icon-list-item\">\n\t\t\t\t\t\t\t\t\t\t\t<span class=\"elementor-icon-list-icon\">\n\t\t\t\t\t\t\t<i aria-hidden=\"true\" class=\"fas fa-map-marked-alt\"><\/i>\t\t\t\t\t\t<\/span>\n\t\t\t\t\t\t\t\t\t\t<span class=\"elementor-icon-list-text\">Bakras, Mara\u015fal \u00c7akmak Cd., 31350 Belen\/Hatay<\/span>\n\t\t\t\t\t\t\t\t\t<\/li>\n\t\t\t\t\t\t<\/ul>\n\t\t\t\t<\/div>\n\t\t\t\t<\/div>\n\t\t\t\t\t<\/div>\n\t\t<\/div>\n\t\t\t\t<div class=\"elementor-column elementor-col-50 elementor-inner-column elementor-element elementor-element-eb29e30\" data-id=\"eb29e30\" data-element_type=\"column\">\n\t\t\t<div class=\"elementor-widget-wrap elementor-element-populated\">\n\t\t\t\t\t\t<div class=\"elementor-element elementor-element-6b504f5 elementor-align-center elementor-icon-list--layout-traditional elementor-list-item-link-full_width elementor-widget elementor-widget-icon-list\" data-id=\"6b504f5\" data-element_type=\"widget\" data-settings=\"{&quot;vlt_wow_animation_name&quot;:&quot;none&quot;}\" data-widget_type=\"icon-list.default\">\n\t\t\t\t<div class=\"elementor-widget-container\">\n\t\t\t\t\t<ul class=\"elementor-icon-list-items\">\n\t\t\t\t\t\t\t<li class=\"elementor-icon-list-item\">\n\t\t\t\t\t\t\t\t\t\t\t<span class=\"elementor-icon-list-icon\">\n\t\t\t\t\t\t\t<i aria-hidden=\"true\" class=\"fas fa-phone-volume\"><\/i>\t\t\t\t\t\t<\/span>\n\t\t\t\t\t\t\t\t\t\t<span class=\"elementor-icon-list-text\">0 (326) 215 3771<\/span>\n\t\t\t\t\t\t\t\t\t<\/li>\n\t\t\t\t\t\t<\/ul>\n\t\t\t\t<\/div>\n\t\t\t\t<\/div>\n\t\t\t\t\t<\/div>\n\t\t<\/div>\n\t\t\t\t\t<\/div>\n\t\t<\/section>\n\t\t\t\t\t<\/div>\n\t\t<\/div>\n\t\t\t\t\t<\/div>\n\t\t<\/section>\n\t\t\t\t<\/div>\n\t\t","protected":false},"excerpt":{"rendered":"<p>Bakras, Mara\u015fal \u00c7akmak Cd., 31350 Belen\/Hatay 0 (326) 215 3771<\/p>\n","protected":false},"author":2,"featured_media":0,"parent":0,"menu_order":0,"comment_status":"closed","ping_status":"closed","template":"","meta":{"footnotes":""},"class_list":["post-610","page","type-page","status-publish","hentry"],"yoast_head":"<!-- This site is optimized with the Yoast SEO plugin v22.0 - https:\/\/yoast.com\/wordpress\/plugins\/seo\/ -->\n<title>\u0130leti\u015fim - \u0130brahim G\u00dcL \/ MHP Belen Belediye Ba\u015fkan Aday\u0131<\/title>\n<meta name=\"robots\" content=\"noindex, follow, max-snippet:-1, max-image-preview:large, max-video-preview:-1\" \/>\n<meta property=\"og:locale\" content=\"tr_TR\" \/>\n<meta property=\"og:type\" content=\"article\" \/>\n<meta property=\"og:title\" content=\"\u0130leti\u015fim - \u0130brahim G\u00dcL \/ MHP Belen Belediye Ba\u015fkan Aday\u0131\" \/>\n<meta property=\"og:description\" content=\"Bakras, Mara\u015fal \u00c7akmak Cd., 31350 Belen\/Hatay 0 (326) 215 3771\" \/>\n<meta property=\"og:url\" content=\"https:\/\/ibrahimgul.com\/?page_id=610\" \/>\n<meta property=\"og:site_name\" content=\"\u0130brahim G\u00dcL \/ MHP Belen Belediye Ba\u015fkan Aday\u0131\" \/>\n<meta property=\"article:modified_time\" content=\"2024-03-05T01:10:51+00:00\" \/>\n<meta name=\"twitter:card\" content=\"summary_large_image\" \/>\n<meta name=\"twitter:label1\" content=\"Tahmini okuma s\u00fcresi\" \/>\n\t<meta name=\"twitter:data1\" content=\"1 dakika\" \/>\n<script type=\"application\/ld+json\" class=\"yoast-schema-graph\">{\"@context\":\"https:\/\/schema.org\",\"@graph\":[{\"@type\":\"WebPage\",\"@id\":\"https:\/\/ibrahimgul.com\/?page_id=610\",\"url\":\"https:\/\/ibrahimgul.com\/?page_id=610\",\"name\":\"\u0130leti\u015fim - \u0130brahim G\u00dcL \/ MHP Belen Belediye Ba\u015fkan Aday\u0131\",\"isPartOf\":{\"@id\":\"https:\/\/ibrahimgul.com\/#website\"},\"datePublished\":\"2016-03-07T03:10:46+00:00\",\"dateModified\":\"2024-03-05T01:10:51+00:00\",\"breadcrumb\":{\"@id\":\"https:\/\/ibrahimgul.com\/?page_id=610#breadcrumb\"},\"inLanguage\":\"tr\",\"potentialAction\":[{\"@type\":\"ReadAction\",\"target\":[\"https:\/\/ibrahimgul.com\/?page_id=610\"]}]},{\"@type\":\"BreadcrumbList\",\"@id\":\"https:\/\/ibrahimgul.com\/?page_id=610#breadcrumb\",\"itemListElement\":[{\"@type\":\"ListItem\",\"position\":1,\"name\":\"Anasayfa\",\"item\":\"https:\/\/ibrahimgul.com\/\"},{\"@type\":\"ListItem\",\"position\":2,\"name\":\"\u0130leti\u015fim\"}]},{\"@type\":\"WebSite\",\"@id\":\"https:\/\/ibrahimgul.com\/#website\",\"url\":\"https:\/\/ibrahimgul.com\/\",\"name\":\"\u0130brahim G\u00dcL \/ MHP Belen Belediye Ba\u015fkan Aday\u0131\",\"description\":\"\",\"potentialAction\":[{\"@type\":\"SearchAction\",\"target\":{\"@type\":\"EntryPoint\",\"urlTemplate\":\"https:\/\/ibrahimgul.com\/?s={search_term_string}\"},\"query-input\":\"required name=search_term_string\"}],\"inLanguage\":\"tr\"}]}<\/script>\n<!-- \/ Yoast SEO plugin. -->","yoast_head_json":{"title":"\u0130leti\u015fim - \u0130brahim G\u00dcL \/ MHP Belen Belediye Ba\u015fkan Aday\u0131","robots":{"index":"noindex","follow":"follow","max-snippet":"max-snippet:-1","max-image-preview":"max-image-preview:large","max-video-preview":"max-video-preview:-1"},"og_locale":"tr_TR","og_type":"article","og_title":"\u0130leti\u015fim - \u0130brahim G\u00dcL \/ MHP Belen Belediye Ba\u015fkan Aday\u0131","og_description":"Bakras, Mara\u015fal \u00c7akmak Cd., 31350 Belen\/Hatay 0 (326) 215 3771","og_url":"https:\/\/ibrahimgul.com\/?page_id=610","og_site_name":"\u0130brahim G\u00dcL \/ MHP Belen Belediye Ba\u015fkan Aday\u0131","article_modified_time":"2024-03-05T01:10:51+00:00","twitter_card":"summary_large_image","twitter_misc":{"Tahmini okuma s\u00fcresi":"1 dakika"},"schema":{"@context":"https:\/\/schema.org","@graph":[{"@type":"WebPage","@id":"https:\/\/ibrahimgul.com\/?page_id=610","url":"https:\/\/ibrahimgul.com\/?page_id=610","name":"\u0130leti\u015fim - \u0130brahim G\u00dcL \/ MHP Belen Belediye Ba\u015fkan Aday\u0131","isPartOf":{"@id":"https:\/\/ibrahimgul.com\/#website"},"datePublished":"2016-03-07T03:10:46+00:00","dateModified":"2024-03-05T01:10:51+00:00","breadcrumb":{"@id":"https:\/\/ibrahimgul.com\/?page_id=610#breadcrumb"},"inLanguage":"tr","potentialAction":[{"@type":"ReadAction","target":["https:\/\/ibrahimgul.com\/?page_id=610"]}]},{"@type":"BreadcrumbList","@id":"https:\/\/ibrahimgul.com\/?page_id=610#breadcrumb","itemListElement":[{"@type":"ListItem","position":1,"name":"Anasayfa","item":"https:\/\/ibrahimgul.com\/"},{"@type":"ListItem","position":2,"name":"\u0130leti\u015fim"}]},{"@type":"WebSite","@id":"https:\/\/ibrahimgul.com\/#website","url":"https:\/\/ibrahimgul.com\/","name":"\u0130brahim G\u00dcL \/ MHP Belen Belediye Ba\u015fkan Aday\u0131","description":"","potentialAction":[{"@type":"SearchAction","target":{"@type":"EntryPoint","urlTemplate":"https:\/\/ibrahimgul.com\/?s={search_term_string}"},"query-input":"required name=search_term_string"}],"inLanguage":"tr"}]}},"_links":{"self":[{"href":"https:\/\/ibrahimgul.com\/index.php?rest_route=\/wp\/v2\/pages\/610","targetHints":{"allow":["GET"]}}],"collection":[{"href":"https:\/\/ibrahimgul.com\/index.php?rest_route=\/wp\/v2\/pages"}],"about":[{"href":"https:\/\/ibrahimgul.com\/index.php?rest_route=\/wp\/v2\/types\/page"}],"author":[{"embeddable":true,"href":"https:\/\/ibrahimgul.com\/index.php?rest_route=\/wp\/v2\/users\/2"}],"replies":[{"embeddable":true,"href":"https:\/\/ibrahimgul.com\/index.php?rest_route=%2Fwp%2Fv2%2Fcomments&post=610"}],"version-history":[{"count":8,"href":"https:\/\/ibrahimgul.com\/index.php?rest_route=\/wp\/v2\/pages\/610\/revisions"}],"predecessor-version":[{"id":7252,"href":"https:\/\/ibrahimgul.com\/index.php?rest_route=\/wp\/v2\/pages\/610\/revisions\/7252"}],"wp:attachment":[{"href":"https:\/\/ibrahimgul.com\/index.php?rest_route=%2Fwp%2Fv2%2Fmedia&parent=610"}],"curies":[{"name":"wp","href":"https:\/\/api.w.org\/{rel}","templated":true}]}}